{"id":10649,"date":"2016-05-04T08:16:31","date_gmt":"2016-05-04T06:16:31","guid":{"rendered":"https:\/\/esiste.com\/team\/"},"modified":"2022-02-28T12:03:08","modified_gmt":"2022-02-28T11:03:08","slug":"team","status":"publish","type":"page","link":"https:\/\/esiste.com\/de\/team\/","title":{"rendered":"Team"},"content":{"rendered":"<div class=\"wpb-content-wrapper\"><p>[vc_row][vc_column css_animation=&#8220;fadeInUpBig&#8220;]\n\t\t\t<!-- START Rebuild il team REVOLUTION SLIDER 6.7.34 --><p class=\"rs-p-wp-fix\"><\/p>\n\t\t\t<rs-module-wrap id=\"rev_slider_32_1_wrapper\" data-source=\"gallery\" style=\"visibility:hidden;background:#5b5b5b;padding:0;\">\n\t\t\t\t<rs-module id=\"rev_slider_32_1\" style=\"\" data-version=\"6.7.34\">\n\t\t\t\t\t<rs-slides style=\"overflow: hidden; position: absolute;\">\n\t\t\t\t\t\t<rs-slide style=\"position: absolute;\" data-key=\"rs-107\" data-title=\"Slide\" data-duration=\"3000ms\" data-anim=\"adpr:false;\" data-in=\"o:0;\" data-out=\"a:false;\">\n\t\t\t\t\t\t\t<img decoding=\"async\" src=\"\/\/esiste.com\/wp-content\/plugins\/revslider\/sr6\/assets\/assets\/dummy.png\" alt=\"\" title=\"rebuild-team-1\" width=\"1980\" height=\"1320\" class=\"rev-slidebg tp-rs-img rs-lazyload\" data-lazyload=\"\/\/esiste.com\/wp-content\/uploads\/2021\/10\/rebuild-team-1.jpg\" data-parallax=\"6\" data-no-retina>\n<!---->\t\t\t\t\t<\/rs-slide>\n\t\t\t\t\t\t<rs-slide style=\"position: absolute;\" data-key=\"rs-105\" data-title=\"Slide\" data-duration=\"3000ms\" data-anim=\"adpr:false;\" data-in=\"o:0;\" data-out=\"a:false;\">\n\t\t\t\t\t\t\t<img decoding=\"async\" src=\"\/\/esiste.com\/wp-content\/plugins\/revslider\/sr6\/assets\/assets\/dummy.png\" alt=\"\" title=\"rebuild-team-2\" width=\"2398\" height=\"1600\" class=\"rev-slidebg tp-rs-img rs-lazyload\" data-lazyload=\"\/\/esiste.com\/wp-content\/uploads\/2021\/10\/rebuild-team-2.jpg\" data-parallax=\"6\" data-no-retina>\n<!---->\t\t\t\t\t<\/rs-slide>\n\t\t\t\t\t\t<rs-slide style=\"position: absolute;\" data-key=\"rs-104\" data-title=\"Slide\" data-anim=\"adpr:false;\" data-in=\"o:0;\" data-out=\"a:false;\">\n\t\t\t\t\t\t\t<img decoding=\"async\" src=\"\/\/esiste.com\/wp-content\/plugins\/revslider\/sr6\/assets\/assets\/dummy.png\" alt=\"\" title=\"rebuild-team-3\" width=\"2560\" height=\"1987\" class=\"rev-slidebg tp-rs-img rs-lazyload\" data-lazyload=\"\/\/esiste.com\/wp-content\/uploads\/2021\/10\/rebuild-team-3-scaled.jpg\" data-parallax=\"6\" data-no-retina>\n<!---->\t\t\t\t\t<\/rs-slide>\n\t\t\t\t\t\t<rs-slide style=\"position: absolute;\" data-key=\"rs-103\" data-title=\"Slide\" data-anim=\"adpr:false;\" data-in=\"o:0;\" data-out=\"a:false;\">\n\t\t\t\t\t\t\t<img decoding=\"async\" src=\"\/\/esiste.com\/wp-content\/plugins\/revslider\/sr6\/assets\/assets\/dummy.png\" alt=\"\" title=\"rebuild-team-4\" width=\"2560\" height=\"1627\" class=\"rev-slidebg tp-rs-img rs-lazyload\" data-lazyload=\"\/\/esiste.com\/wp-content\/uploads\/2021\/10\/rebuild-team-4-scaled.jpg\" data-parallax=\"6\" data-no-retina>\n<!---->\t\t\t\t\t<\/rs-slide>\n\t\t\t\t\t\t<rs-slide style=\"position: absolute;\" data-key=\"rs-106\" data-title=\"Slide\" data-anim=\"adpr:false;\" data-in=\"o:0;\" data-out=\"a:false;\">\n\t\t\t\t\t\t\t<img decoding=\"async\" src=\"\/\/esiste.com\/wp-content\/plugins\/revslider\/sr6\/assets\/assets\/dummy.png\" alt=\"\" title=\"rebuild-team-5\" width=\"2192\" height=\"1461\" class=\"rev-slidebg tp-rs-img rs-lazyload\" data-lazyload=\"\/\/esiste.com\/wp-content\/uploads\/2021\/10\/rebuild-team-5.jpg\" data-parallax=\"6\" data-no-retina>\n<!---->\t\t\t\t\t<\/rs-slide>\n\t\t\t\t\t\t<rs-slide style=\"position: absolute;\" data-key=\"rs-160\" data-title=\"Slide\" data-anim=\"adpr:false;\" data-in=\"o:0;\" data-out=\"a:false;\">\n\t\t\t\t\t\t\t<img decoding=\"async\" src=\"\/\/esiste.com\/wp-content\/plugins\/revslider\/sr6\/assets\/assets\/dummy.png\" alt=\"\" title=\"TEAM-esiste\" width=\"1920\" height=\"1280\" class=\"rev-slidebg tp-rs-img rs-lazyload\" data-lazyload=\"\/\/esiste.com\/wp-content\/uploads\/2023\/04\/1-TEAM-esiste.jpg\" data-parallax=\"6\" data-no-retina>\n<!---->\t\t\t\t\t<\/rs-slide>\n\t\t\t\t\t<\/rs-slides>\n\t\t\t\t\t<rs-static-layers><!--\n\n\t\t\t\t\t\t\t--><rs-layer\n\t\t\t\t\t\t\t\tid=\"slider-32-slide-18-layer-0\" \n\t\t\t\t\t\t\t\tclass=\"rs-layer-static\"\n\t\t\t\t\t\t\t\tdata-type=\"image\"\n\t\t\t\t\t\t\t\tdata-rsp_ch=\"on\"\n\t\t\t\t\t\t\t\tdata-xy=\"x:c;y:b;yo:30px,25px,17px,10px;\"\n\t\t\t\t\t\t\t\tdata-text=\"w:normal;s:20,16,11,6;l:0,21,14,8;\"\n\t\t\t\t\t\t\t\tdata-dim=\"w:45px,38px,26px,16px;h:45px,38px,26px,16px;\"\n\t\t\t\t\t\t\t\tdata-actions='o:click;a:scrollbelow;sp:1000ms;e:power1.inOut;'\n\t\t\t\t\t\t\t\tdata-onslides=\"s:1;\"\n\t\t\t\t\t\t\t\tdata-frame_0=\"y:-30px,-25px,-17px,-10px;\"\n\t\t\t\t\t\t\t\tdata-frame_1=\"sp:1000;\"\n\t\t\t\t\t\t\t\tdata-frame_999=\"o:0;st:w;sR:5700;\"\n\t\t\t\t\t\t\t\tdata-tloop=\"t:frame_1;k:false;\"\n\t\t\t\t\t\t\t\tstyle=\"z-index:8;cursor:pointer;\"\n\t\t\t\t\t\t\t><img decoding=\"async\" src=\"\/\/esiste.com\/wp-content\/plugins\/revslider\/sr6\/assets\/assets\/dummy.png\" alt=\"\" class=\"tp-rs-img rs-lazyload\" width=\"180\" height=\"180\" data-lazyload=\"\/\/esiste.com\/wp-content\/uploads\/2021\/12\/down-chevron-white.png\" data-no-retina> \n\t\t\t\t\t\t\t<\/rs-layer><!--\n\t\t\t\t\t--><\/rs-static-layers>\n\t\t\t\t<\/rs-module>\n\t\t\t\t<script>\n\t\t\t\t\tsetREVStartSize({c: 'rev_slider_32_1',rl:[1240,1024,778,480],el:[950,662,760,520],gw:[1300,1100,778,480],gh:[950,660,560,520],type:'standard',justify:'',layout:'fullscreen',offsetContainer:'',offset:'',mh:\"0\"});if (window.RS_MODULES!==undefined && window.RS_MODULES.modules!==undefined && window.RS_MODULES.modules[\"revslider321\"]!==undefined) {window.RS_MODULES.modules[\"revslider321\"].once = false;window.revapi32 = undefined;if (window.RS_MODULES.checkMinimal!==undefined) window.RS_MODULES.checkMinimal()}\n\t\t\t\t<\/script>\n\t\t\t<\/rs-module-wrap>\n\t\t\t<!-- END REVOLUTION SLIDER -->\n[\/vc_column][\/vc_row][vc_row content_width=&#8220;grid&#8220; content_aligment=&#8220;center&#8220; css=&#8220;.vc_custom_1638444836846{background-color: #1b1b1d !important;}&#8220;][vc_column][vc_empty_space height=&#8220;200px&#8220; el_class=&#8220;mobile-only&#8220;][vc_empty_space height=&#8220;400px&#8220; el_class=&#8220;desktop-only&#8220;][vc_row_inner el_class=&#8220;yotyper-syncronizer&#8220;][vc_column_inner width=&#8220;1\/6&#8243;][\/vc_column_inner][vc_column_inner width=&#8220;2\/3&#8243;][vc_column_text]<\/p>\n<h2 style=\"text-align: center;\"><span style=\"color: #ffffff;\">TEAM DEUTSCHLAND<\/span><\/h2>\n<p>[\/vc_column_text]<div class=\"edgtf-separator-holder clearfix  custom-trattino edgtf-separator-center\">\n\t<div class=\"edgtf-separator\" style=\"border-color: #2c92aa;border-bottom-width: 2px\"><\/div>\n<\/div>\n[vc_empty_space height=&#8220;15px&#8220;][vc_column_text]<\/p>\n<h3 style=\"text-align: center;\"><span style=\"color: #2c92aa;\">EIN TEAM MIT EINEM GEMEINSAMEN ZIEL KANN UNM\u00d6GLICHES ERREICHEN<\/span><\/h3>\n<p>[\/vc_column_text][vc_empty_space height=&#8220;15px&#8220;][vc_column_text]<\/p>\n<p style=\"text-align: center;\">Hochqualifizierte, f\u00e4hige und ehrgeizige Mitarbeiter sind der Grund daf\u00fcr, dass Esiste zu den gefragtesten Studios seiner Branche geh\u00f6rt. Auf einem geplanten und auf die besonderen Bed\u00fcrfnisse zugeschnittenen Weg werden die Mitarbeiter durch ihre Ausbildung begleitet, die das einzige Ziel verfolgt, Kompetenz bei der Modellierung und Sensibilit\u00e4t f\u00fcr Design und Visualisierung zu entwickeln und miteinander zu verbinden.<\/p>\n<p>[\/vc_column_text][\/vc_column_inner][vc_column_inner width=&#8220;1\/6&#8243;][\/vc_column_inner][\/vc_row_inner][vc_empty_space height=&#8220;200px&#8220; el_class=&#8220;mobile-only&#8220;][vc_empty_space height=&#8220;400px&#8220; el_class=&#8220;desktop-only&#8220;][\/vc_column][\/vc_row][vc_row disable_element=&#8220;yes&#8220; background_gradient=&#8220;yes&#8220;][vc_column css_animation=&#8220;fadeInUpBig&#8220;]\t<div class=\"edgtf-call-to-action normal\" style=\"background: -webkit-linear-gradient(left,#4566ad,#7498e7);background: -o-linear-gradient(right,#4566ad,#7498e7);background: -moz-linear-gradient(right,#4566ad,#7498e7);background: linear-gradient(to right,#4566ad,#7498e7);\">\n\t\t\n\t\t\t\t<div class=\"edgtf-container-inner\">\n\t\t\n\t\t\t<div class=\"edgtf-call-to-action-together\" style=\"padding: 38px 1%;text-align:center\">\n\t\t\t\t<div class=\"edgtf-text-wrapper edgtf-call-to-action-column1 edgtf-call-to-action-cell\">\n\t\t\t\t\t\t\t\t\t<div class=\"edgtf-call-to-action-text\" >\n<h3>HAI UN PROGETTO IN MENTE? COLLABORIAMO!<\/h3>\n<\/div>\n\t\t\t\t<\/div>\n\n\t\t\t\t\t\t\t\t\t<div class=\"edgtf-button-wrapper edgtf-call-to-action-column2 edgtf-call-to-action-cell\" style =\"text-align: center ;\">\n\t\t\t\t\t\t<a href=\"\/contatti\" target=\"_self\" style=\"color: #ffffff\" class=\"edgtf-btn edgtf-btn-medium edgtf-btn-outline edgtf-has-hover edgtf-btn-custom-hover-color\" data-hover-color=\"#ffffff\" >    <span class=\"edgtf-btn-text\">CONTATTACI<\/span>    <span class=\"edgtf-btn-background-holder\" style=\"border: 1px solid #ffffff\"><\/span>    <span class=\"edgtf-btn-background-hover-holder\" style=\"background: none;background-color: #313131;border: 1px solid #313131\"><\/span><\/a>\t\t\t\t\t<\/div>\n\t\t\t\t\t\t\t<\/div>\n\t\t\t\t<\/div>\n\t\t\t<\/div>\n[\/vc_column][\/vc_row]<\/p>\n<\/div>","protected":false},"excerpt":{"rendered":"<p>[vc_row][vc_column css_animation=&#8220;fadeInUpBig&#8220;][\/vc_column][\/vc_row][vc_row content_width=&#8220;grid&#8220; content_aligment=&#8220;center&#8220; css=&#8220;.vc_custom_1638444836846{background-color: #1b1b1d !important;}&#8220;][vc_column][vc_empty_space height=&#8220;200px&#8220; el_class=&#8220;mobile-only&#8220;][vc_empty_space height=&#8220;400px&#8220; el_class=&#8220;desktop-only&#8220;][vc_row_inner el_class=&#8220;yotyper-syncronizer&#8220;][vc_column_inner width=&#8220;1\/6&#8243;][\/vc_column_inner][vc_column_inner width=&#8220;2\/3&#8243;][vc_column_text] TEAM DEUTSCHLAND [\/vc_column_text][vc_empty_space height=&#8220;15px&#8220;][vc_column_text] EIN TEAM MIT EINEM GEMEINSAMEN ZIEL KANN UNM\u00d6GLICHES ERREICHEN [\/vc_column_text][vc_empty_space height=&#8220;15px&#8220;][vc_column_text] Hochqualifizierte, f\u00e4hige und ehrgeizige Mitarbeiter sind der Grund daf\u00fcr, dass Esiste zu den gefragtesten Studios seiner&#8230;<\/p>\n","protected":false},"author":5,"featured_media":0,"parent":0,"menu_order":0,"comment_status":"closed","ping_status":"closed","template":"full-width.php","meta":{"_seopress_robots_primary_cat":"","_seopress_titles_title":"","_seopress_titles_desc":"","_seopress_robots_index":"","inline_featured_image":false,"footnotes":""},"class_list":["post-10649","page","type-page","status-publish","hentry"],"_links":{"self":[{"href":"https:\/\/esiste.com\/de\/wp-json\/wp\/v2\/pages\/10649","targetHints":{"allow":["GET"]}}],"collection":[{"href":"https:\/\/esiste.com\/de\/wp-json\/wp\/v2\/pages"}],"about":[{"href":"https:\/\/esiste.com\/de\/wp-json\/wp\/v2\/types\/page"}],"author":[{"embeddable":true,"href":"https:\/\/esiste.com\/de\/wp-json\/wp\/v2\/users\/5"}],"replies":[{"embeddable":true,"href":"https:\/\/esiste.com\/de\/wp-json\/wp\/v2\/comments?post=10649"}],"version-history":[{"count":2,"href":"https:\/\/esiste.com\/de\/wp-json\/wp\/v2\/pages\/10649\/revisions"}],"predecessor-version":[{"id":10651,"href":"https:\/\/esiste.com\/de\/wp-json\/wp\/v2\/pages\/10649\/revisions\/10651"}],"wp:attachment":[{"href":"https:\/\/esiste.com\/de\/wp-json\/wp\/v2\/media?parent=10649"}],"curies":[{"name":"wp","href":"https:\/\/api.w.org\/{rel}","templated":true}]}}