{"id":10645,"date":"2021-08-20T14:24:18","date_gmt":"2021-08-20T12:24:18","guid":{"rendered":"https:\/\/esiste.com\/studio\/"},"modified":"2023-12-14T18:33:57","modified_gmt":"2023-12-14T17:33:57","slug":"studio","status":"publish","type":"page","link":"https:\/\/esiste.com\/de\/studio\/","title":{"rendered":"Studio"},"content":{"rendered":"<div class=\"wpb-content-wrapper\"><p>[vc_row][vc_column css_animation=&#8220;fadeInUpBig&#8220;][rev_slider_vc alias=&#8220;headquarter-hero&#8220;][\/vc_column][\/vc_row][vc_row content_width=&#8220;grid&#8220; content_aligment=&#8220;center&#8220; css=&#8220;.vc_custom_1638444836846{background-color: #1b1b1d !important;}&#8220;][vc_column][vc_empty_space height=&#8220;200px&#8220; el_class=&#8220;mobile-only&#8220;][vc_empty_space height=&#8220;400px&#8220; el_class=&#8220;desktop-only&#8220;][vc_row_inner el_class=&#8220;yotyper-syncronizer&#8220;][vc_column_inner width=&#8220;1\/6&#8243;][\/vc_column_inner][vc_column_inner width=&#8220;2\/3&#8243;][vc_column_text]<\/p>\n<h2 style=\"text-align: center;\"><span style=\"color: #ffffff;\">SEIT 2003 SCHREIBEN WIR GESCHICHTE<\/span><\/h2>\n<p>[\/vc_column_text]<div class=\"edgtf-separator-holder clearfix  custom-trattino edgtf-separator-center\">\n\t<div class=\"edgtf-separator\" style=\"border-color: #2c92aa;border-bottom-width: 2px\"><\/div>\n<\/div>\n[vc_empty_space height=&#8220;15px&#8220;][vc_column_text]<\/p>\n<h3 style=\"text-align: center;\"><span style=\"color: #2c92aa;\">STUDIO<\/span><\/h3>\n<p>[\/vc_column_text][vc_empty_space height=&#8220;15px&#8220;][vc_column_text]<\/p>\n<p style=\"text-align: center;\">ESISTE ist ein Studio f\u00fcr <strong>3D- und manuelle Modellierung<\/strong>, das als Partner von f\u00fchrenden Marken in der <strong>Automotive-Branche<\/strong> und anderen Bereichen komplette <strong>Unterst\u00fctzung<\/strong> f\u00fcr die Pr\u00e4sentation von Entw\u00fcrfen und neuartigen Ideen bietet.<br \/>\nEin <strong>Expertenteam<\/strong> steht dem Kunden auf seinem kreativen Weg zur Seite und verbindet <strong>Technik<\/strong> und <strong>Innovation<\/strong> zu einem <strong>einzigartigen Ergebnis<\/strong>.<\/p>\n<p>[\/vc_column_text][\/vc_column_inner][vc_column_inner width=&#8220;1\/6&#8243;][\/vc_column_inner][\/vc_row_inner][vc_empty_space height=&#8220;200px&#8220; el_class=&#8220;mobile-only&#8220;][vc_empty_space height=&#8220;400px&#8220; el_class=&#8220;desktop-only&#8220;][\/vc_column][\/vc_row][vc_row content_aligment=&#8220;center&#8220; css=&#8220;.vc_custom_1638446709928{padding-top: 100px !important;padding-bottom: 100px !important;background-color: #f0f0f0 !important;}&#8220; el_class=&#8220;txt_black&#8220;][vc_column][vc_column_text]<\/p>\n<h2 style=\"color: #000;\">UNSERE STANDORTE<\/h2>\n<p>[\/vc_column_text]<div class=\"edgtf-separator-holder clearfix  custom-trattino edgtf-separator-center\">\n\t<div class=\"edgtf-separator\" style=\"border-color: #2c92aa;border-bottom-width: 2px\"><\/div>\n<\/div>\n[vc_empty_space height=&#8220;80px&#8220;][vc_row_inner content_width=&#8220;grid&#8220; el_class=&#8220;fascia-immagini-comparsa&#8220;][vc_column_inner width=&#8220;1\/4&#8243;][vc_single_image image=&#8220;11231&#8243; img_size=&#8220;full&#8220; css=&#8220;.vc_custom_1702575207663{margin-bottom: 10px !important;}&#8220;][vc_column_text]<\/p>\n<h5 class=\"text-main\">BEINASCO<br \/>\nTORINO | ITALIA<\/h5>\n<p>[\/vc_column_text][vc_raw_html]JTNDZGl2JTIwY2xhc3MlM0QlMjJmYXNjaWEtY2hpYXJhJTIwbm8tc21hbGwtdmVydGljYWwtc2VwYXJhdG9yJTIyJTNFJTNDJTJGZGl2JTNF[\/vc_raw_html][\/vc_column_inner][vc_column_inner el_class=&#8220;txt_black&#8220; width=&#8220;1\/4&#8243; css=&#8220;.vc_custom_1632836041928{margin-bottom: 40px !important;}&#8220;][vc_single_image image=&#8220;10819&#8243; img_size=&#8220;full&#8220; css=&#8220;.vc_custom_1681918133008{margin-bottom: 10px !important;}&#8220;][vc_column_text]<\/p>\n<h5 class=\"text-main\">TROFARELLO<br \/>\nTORINO | ITALIEN<\/h5>\n<p>[\/vc_column_text][vc_raw_html]JTNDZGl2JTIwY2xhc3MlM0QlMjJmYXNjaWEtY2hpYXJhJTIwbm8tc21hbGwtdmVydGljYWwtc2VwYXJhdG9yJTIyJTNFJTNDJTJGZGl2JTNF[\/vc_raw_html][\/vc_column_inner][vc_column_inner width=&#8220;1\/4&#8243; css=&#8220;.vc_custom_1632836029946{margin-bottom: 40px !important;}&#8220;][vc_single_image image=&#8220;10825&#8243; img_size=&#8220;full&#8220; css=&#8220;.vc_custom_1681918225710{margin-bottom: 10px !important;}&#8220;][vc_column_text]<\/p>\n<h5 class=\"text-main\">CAMBIANO<br \/>\nTORINO | ITALIEN<\/h5>\n<p>[\/vc_column_text][vc_raw_html]JTNDZGl2JTIwY2xhc3MlM0QlMjJmYXNjaWEtY2hpYXJhJTIyJTNFJTNDJTJGZGl2JTNF[\/vc_raw_html][\/vc_column_inner][vc_column_inner el_class=&#8220;txt_black&#8220; width=&#8220;1\/4&#8243; css=&#8220;.vc_custom_1634729309542{padding-bottom: 40px !important;}&#8220;][vc_single_image image=&#8220;10822&#8243; img_size=&#8220;full&#8220; css=&#8220;.vc_custom_1681918237612{margin-bottom: 10px !important;}&#8220;][vc_column_text]<\/p>\n<h5 class=\"text-main\">WIESBADEN<br \/>\nDEUTSCHLAND<\/h5>\n<p>[\/vc_column_text][vc_raw_html]JTNDZGl2JTIwY2xhc3MlM0QlMjJmYXNjaWEtY2hpYXJhJTIyJTNFJTNDJTJGZGl2JTNF[\/vc_raw_html][\/vc_column_inner][\/vc_row_inner][\/vc_column][\/vc_row][vc_row disable_element=&#8220;yes&#8220; background_gradient=&#8220;yes&#8220;][vc_column]\t<div class=\"edgtf-call-to-action normal\" style=\"background: -webkit-linear-gradient(left,#4566ad,#7498e7);background: -o-linear-gradient(right,#4566ad,#7498e7);background: -moz-linear-gradient(right,#4566ad,#7498e7);background: linear-gradient(to right,#4566ad,#7498e7);\">\n\t\t\n\t\t\t\t<div class=\"edgtf-container-inner\">\n\t\t\n\t\t\t<div class=\"edgtf-call-to-action-together\" style=\"padding: 38px 1%;text-align:center\">\n\t\t\t\t<div class=\"edgtf-text-wrapper edgtf-call-to-action-column1 edgtf-call-to-action-cell\">\n\t\t\t\t\t\t\t\t\t<div class=\"edgtf-call-to-action-text\" >\n<h4><span style=\"color: #ffffff; line-height: 22px;\">Hai un progetto in mente? Collaboriamo!<\/span><\/h4>\n<\/div>\n\t\t\t\t<\/div>\n\n\t\t\t\t\t\t\t\t\t<div class=\"edgtf-button-wrapper edgtf-call-to-action-column2 edgtf-call-to-action-cell\" style =\"text-align: center ;\">\n\t\t\t\t\t\t<a href=\"\/contatti\" target=\"_self\" style=\"color: #ffffff\" class=\"edgtf-btn edgtf-btn-medium edgtf-btn-outline edgtf-has-hover edgtf-btn-custom-hover-color\" data-hover-color=\"#ffffff\" >    <span class=\"edgtf-btn-text\">contattaci<\/span>    <span class=\"edgtf-btn-background-holder\" style=\"border: 1px solid #ffffff\"><\/span>    <span class=\"edgtf-btn-background-hover-holder\" style=\"background: none;background-color: #313131;border: 1px solid #313131\"><\/span><\/a>\t\t\t\t\t<\/div>\n\t\t\t\t\t\t\t<\/div>\n\t\t\t\t<\/div>\n\t\t\t<\/div>\n[\/vc_column][\/vc_row]<\/p>\n<\/div>","protected":false},"excerpt":{"rendered":"<p>[vc_row][vc_column css_animation=&#8220;fadeInUpBig&#8220;][rev_slider_vc alias=&#8220;headquarter-hero&#8220;][\/vc_column][\/vc_row][vc_row content_width=&#8220;grid&#8220; content_aligment=&#8220;center&#8220; css=&#8220;.vc_custom_1638444836846{background-color: #1b1b1d !important;}&#8220;][vc_column][vc_empty_space height=&#8220;200px&#8220; el_class=&#8220;mobile-only&#8220;][vc_empty_space height=&#8220;400px&#8220; el_class=&#8220;desktop-only&#8220;][vc_row_inner el_class=&#8220;yotyper-syncronizer&#8220;][vc_column_inner width=&#8220;1\/6&#8243;][\/vc_column_inner][vc_column_inner width=&#8220;2\/3&#8243;][vc_column_text] SEIT 2003 SCHREIBEN WIR GESCHICHTE [\/vc_column_text][vc_empty_space height=&#8220;15px&#8220;][vc_column_text] STUDIO [\/vc_column_text][vc_empty_space height=&#8220;15px&#8220;][vc_column_text] ESISTE ist ein Studio f\u00fcr 3D- und manuelle Modellierung, das als Partner von f\u00fchrenden Marken in der Automotive-Branche und anderen&#8230;<\/p>\n","protected":false},"author":5,"featured_media":0,"parent":0,"menu_order":0,"comment_status":"closed","ping_status":"closed","template":"full-width.php","meta":{"_seopress_robots_primary_cat":"","_seopress_titles_title":"","_seopress_titles_desc":"","_seopress_robots_index":"","inline_featured_image":false,"footnotes":""},"class_list":["post-10645","page","type-page","status-publish","hentry"],"_links":{"self":[{"href":"https:\/\/esiste.com\/de\/wp-json\/wp\/v2\/pages\/10645","targetHints":{"allow":["GET"]}}],"collection":[{"href":"https:\/\/esiste.com\/de\/wp-json\/wp\/v2\/pages"}],"about":[{"href":"https:\/\/esiste.com\/de\/wp-json\/wp\/v2\/types\/page"}],"author":[{"embeddable":true,"href":"https:\/\/esiste.com\/de\/wp-json\/wp\/v2\/users\/5"}],"replies":[{"embeddable":true,"href":"https:\/\/esiste.com\/de\/wp-json\/wp\/v2\/comments?post=10645"}],"version-history":[{"count":6,"href":"https:\/\/esiste.com\/de\/wp-json\/wp\/v2\/pages\/10645\/revisions"}],"predecessor-version":[{"id":11235,"href":"https:\/\/esiste.com\/de\/wp-json\/wp\/v2\/pages\/10645\/revisions\/11235"}],"wp:attachment":[{"href":"https:\/\/esiste.com\/de\/wp-json\/wp\/v2\/media?parent=10645"}],"curies":[{"name":"wp","href":"https:\/\/api.w.org\/{rel}","templated":true}]}}